{"id":10561,"date":"2020-05-27T13:19:52","date_gmt":"2020-05-27T13:19:52","guid":{"rendered":"https:\/\/www.fincaturismo.com\/finca-turismo\/"},"modified":"2020-05-30T11:31:53","modified_gmt":"2020-05-30T11:31:53","slug":"finca-turismo","status":"publish","type":"page","link":"https:\/\/www.fincaturismo.com\/en\/finca-turismo\/","title":{"rendered":"Finca Turismo &#8211; Rural tourism and farm houses in Mallorca"},"content":{"rendered":"<div class=\"wpb-content-wrapper\"><p>[vc_row css=&#8221;.vc_custom_1590593896107{padding-top: 20px !important;padding-right: 70px !important;padding-bottom: 68px !important;padding-left: 70px !important;background-color: #e5e5e5 !important;}&#8221;][vc_column][vc_column_text]<\/p>\n<p style=\"text-align: justify;\"><b>Finca Turismo <\/b>is a well-cared selection of <b>agrotourisms in Majorca<\/b>, which sums up all the indispensable attributes to excellence, for a perfect holiday in direct contact with the most authentic part of the island. Farm houses have all the desirable comforts to go deep into <b>the most<\/b> <b>rural Majorca<\/b>, combined with an offer of best tourism resources, <b>rich Majorcan gastronomy<\/b>, the most selected <b>Mediterranean beaches<\/b>, and all the <b>tranquillity<\/b> of the world.<\/p>\n<p style=\"text-align: justify;\"><b>A natural and landscape richness<\/b>, <b>customs<\/b> deeply-rooted for centuries, a <b>rustic, familiar and warming atmosphere<\/b>, the best <b>locations<\/b> to get to know <b>Majorca<\/b> in depth\u2026 <b>Finca Turismo<\/b> has everything to seduce visitors and offers them the best of the island, from <b>a rural perspective and different<\/b> from the usual. If you want to know the most authentic <b>Majorca<\/b>, far away from mass tourism, <b>Finca Turismo agrotourisms<\/b> are your choice!<\/p>\n<p style=\"text-align: justify;\">Can Guill\u00f3, Sa Vall de Son Maci\u00e1, Son Guardiola, Son Llad\u00f3, Perola or Es Torrent. Anyone of <a href=\"http:\/\/www.fincaturismo.com\/en\/proposals-for-agritourism-in-mallorca\/\">our agrotourisms<\/a> is the perfect place to disconnect during your holidays. Discover the <b>well-cared and selected offer<\/b> at each of them; contact directly with the owners <b>to request booking information<\/b>, without agents, and overall, feel and live in first person the <b>Mediterranean culture<\/b> on an island that has much more to offer than a <b>magnificent climate and idyllic beaches<\/b>.<\/p>\n<p>[\/vc_column_text][\/vc_column][\/vc_row]<\/p>\n<\/div>","protected":false},"excerpt":{"rendered":"<p>[vc_row css=&#8221;.vc_custom_1590593896107{padding-top: 20px !important;padding-right: 70px !important;padding-bottom: 68px !important;padding-left: 70px !important;background-color: #e5e5e5 !important;}&#8221;][vc_column][vc_column_text] Finca Turismo is [&hellip;]<\/p>\n","protected":false},"author":1,"featured_media":0,"parent":0,"menu_order":0,"comment_status":"closed","ping_status":"closed","template":"full-width.php","meta":{"footnotes":""},"class_list":["post-10561","page","type-page","status-publish","hentry"],"yoast_head":"<!-- This site is optimized with the Yoast SEO plugin v27.2 - https:\/\/yoast.com\/product\/yoast-seo-wordpress\/ -->\n<title>Finca Turismo - Rural tourism and farm houses in Mallorca - Finca Turismo<\/title>\n<meta name=\"robots\" content=\"index, follow, max-snippet:-1, max-image-preview:large, max-video-preview:-1\" \/>\n<link rel=\"canonical\" href=\"https:\/\/www.fincaturismo.com\/en\/finca-turismo\/\" \/>\n<meta property=\"og:locale\" content=\"en_US\" \/>\n<meta property=\"og:type\" content=\"article\" \/>\n<meta property=\"og:title\" content=\"Finca Turismo - Rural tourism and farm houses in Mallorca - Finca Turismo\" \/>\n<meta property=\"og:description\" content=\"[vc_row css=&#8221;.vc_custom_1590593896107{padding-top: 20px !important;padding-right: 70px !important;padding-bottom: 68px !important;padding-left: 70px !important;background-color: #e5e5e5 !important;}&#8221;][vc_column][vc_column_text] Finca Turismo is [&hellip;]\" \/>\n<meta property=\"og:url\" content=\"https:\/\/www.fincaturismo.com\/en\/finca-turismo\/\" \/>\n<meta property=\"og:site_name\" content=\"Finca Turismo\" \/>\n<meta property=\"article:publisher\" content=\"https:\/\/www.facebook.com\/FincaTurismoMallorca\" \/>\n<meta property=\"article:modified_time\" content=\"2020-05-30T11:31:53+00:00\" \/>\n<meta name=\"twitter:card\" content=\"summary_large_image\" \/>\n<meta name=\"twitter:site\" content=\"@FincaTurismo\" \/>\n<meta name=\"twitter:label1\" content=\"Est. reading time\" \/>\n\t<meta name=\"twitter:data1\" content=\"1 minute\" \/>\n<script type=\"application\/ld+json\" class=\"yoast-schema-graph\">{\"@context\":\"https:\/\/schema.org\",\"@graph\":[{\"@type\":\"WebPage\",\"@id\":\"https:\/\/www.fincaturismo.com\/en\/finca-turismo\/\",\"url\":\"https:\/\/www.fincaturismo.com\/en\/finca-turismo\/\",\"name\":\"Finca Turismo - Rural tourism and farm houses in Mallorca - Finca Turismo\",\"isPartOf\":{\"@id\":\"https:\/\/www.fincaturismo.com\/en\/#website\"},\"datePublished\":\"2020-05-27T13:19:52+00:00\",\"dateModified\":\"2020-05-30T11:31:53+00:00\",\"breadcrumb\":{\"@id\":\"https:\/\/www.fincaturismo.com\/en\/finca-turismo\/#breadcrumb\"},\"inLanguage\":\"en-US\",\"potentialAction\":[{\"@type\":\"ReadAction\",\"target\":[\"https:\/\/www.fincaturismo.com\/en\/finca-turismo\/\"]}]},{\"@type\":\"BreadcrumbList\",\"@id\":\"https:\/\/www.fincaturismo.com\/en\/finca-turismo\/#breadcrumb\",\"itemListElement\":[{\"@type\":\"ListItem\",\"position\":1,\"name\":\"Portada\",\"item\":\"https:\/\/www.fincaturismo.com\/en\/\"},{\"@type\":\"ListItem\",\"position\":2,\"name\":\"Finca Turismo &#8211; Rural tourism and farm houses in Mallorca\"}]},{\"@type\":\"WebSite\",\"@id\":\"https:\/\/www.fincaturismo.com\/en\/#website\",\"url\":\"https:\/\/www.fincaturismo.com\/en\/\",\"name\":\"Finca Turismo\",\"description\":\"fincaturismo.com\",\"publisher\":{\"@id\":\"https:\/\/www.fincaturismo.com\/en\/#organization\"},\"potentialAction\":[{\"@type\":\"SearchAction\",\"target\":{\"@type\":\"EntryPoint\",\"urlTemplate\":\"https:\/\/www.fincaturismo.com\/en\/?s={search_term_string}\"},\"query-input\":{\"@type\":\"PropertyValueSpecification\",\"valueRequired\":true,\"valueName\":\"search_term_string\"}}],\"inLanguage\":\"en-US\"},{\"@type\":\"Organization\",\"@id\":\"https:\/\/www.fincaturismo.com\/en\/#organization\",\"name\":\"Finca Turismo - fincaturismo.com\",\"url\":\"https:\/\/www.fincaturismo.com\/en\/\",\"logo\":{\"@type\":\"ImageObject\",\"inLanguage\":\"en-US\",\"@id\":\"https:\/\/www.fincaturismo.com\/en\/#\/schema\/logo\/image\/\",\"url\":\"https:\/\/www.fincaturismo.com\/wp-content\/uploads\/2013\/02\/logoytexto.jpg\",\"contentUrl\":\"https:\/\/www.fincaturismo.com\/wp-content\/uploads\/2013\/02\/logoytexto.jpg\",\"width\":230,\"height\":27,\"caption\":\"Finca Turismo - fincaturismo.com\"},\"image\":{\"@id\":\"https:\/\/www.fincaturismo.com\/en\/#\/schema\/logo\/image\/\"},\"sameAs\":[\"https:\/\/www.facebook.com\/FincaTurismoMallorca\",\"https:\/\/x.com\/FincaTurismo\"]}]}<\/script>\n<!-- \/ Yoast SEO plugin. -->","yoast_head_json":{"title":"Finca Turismo - Rural tourism and farm houses in Mallorca - Finca Turismo","robots":{"index":"index","follow":"follow","max-snippet":"max-snippet:-1","max-image-preview":"max-image-preview:large","max-video-preview":"max-video-preview:-1"},"canonical":"https:\/\/www.fincaturismo.com\/en\/finca-turismo\/","og_locale":"en_US","og_type":"article","og_title":"Finca Turismo - Rural tourism and farm houses in Mallorca - Finca Turismo","og_description":"[vc_row css=&#8221;.vc_custom_1590593896107{padding-top: 20px !important;padding-right: 70px !important;padding-bottom: 68px !important;padding-left: 70px !important;background-color: #e5e5e5 !important;}&#8221;][vc_column][vc_column_text] Finca Turismo is [&hellip;]","og_url":"https:\/\/www.fincaturismo.com\/en\/finca-turismo\/","og_site_name":"Finca Turismo","article_publisher":"https:\/\/www.facebook.com\/FincaTurismoMallorca","article_modified_time":"2020-05-30T11:31:53+00:00","twitter_card":"summary_large_image","twitter_site":"@FincaTurismo","twitter_misc":{"Est. reading time":"1 minute"},"schema":{"@context":"https:\/\/schema.org","@graph":[{"@type":"WebPage","@id":"https:\/\/www.fincaturismo.com\/en\/finca-turismo\/","url":"https:\/\/www.fincaturismo.com\/en\/finca-turismo\/","name":"Finca Turismo - Rural tourism and farm houses in Mallorca - Finca Turismo","isPartOf":{"@id":"https:\/\/www.fincaturismo.com\/en\/#website"},"datePublished":"2020-05-27T13:19:52+00:00","dateModified":"2020-05-30T11:31:53+00:00","breadcrumb":{"@id":"https:\/\/www.fincaturismo.com\/en\/finca-turismo\/#breadcrumb"},"inLanguage":"en-US","potentialAction":[{"@type":"ReadAction","target":["https:\/\/www.fincaturismo.com\/en\/finca-turismo\/"]}]},{"@type":"BreadcrumbList","@id":"https:\/\/www.fincaturismo.com\/en\/finca-turismo\/#breadcrumb","itemListElement":[{"@type":"ListItem","position":1,"name":"Portada","item":"https:\/\/www.fincaturismo.com\/en\/"},{"@type":"ListItem","position":2,"name":"Finca Turismo &#8211; Rural tourism and farm houses in Mallorca"}]},{"@type":"WebSite","@id":"https:\/\/www.fincaturismo.com\/en\/#website","url":"https:\/\/www.fincaturismo.com\/en\/","name":"Finca Turismo","description":"fincaturismo.com","publisher":{"@id":"https:\/\/www.fincaturismo.com\/en\/#organization"},"potentialAction":[{"@type":"SearchAction","target":{"@type":"EntryPoint","urlTemplate":"https:\/\/www.fincaturismo.com\/en\/?s={search_term_string}"},"query-input":{"@type":"PropertyValueSpecification","valueRequired":true,"valueName":"search_term_string"}}],"inLanguage":"en-US"},{"@type":"Organization","@id":"https:\/\/www.fincaturismo.com\/en\/#organization","name":"Finca Turismo - fincaturismo.com","url":"https:\/\/www.fincaturismo.com\/en\/","logo":{"@type":"ImageObject","inLanguage":"en-US","@id":"https:\/\/www.fincaturismo.com\/en\/#\/schema\/logo\/image\/","url":"https:\/\/www.fincaturismo.com\/wp-content\/uploads\/2013\/02\/logoytexto.jpg","contentUrl":"https:\/\/www.fincaturismo.com\/wp-content\/uploads\/2013\/02\/logoytexto.jpg","width":230,"height":27,"caption":"Finca Turismo - fincaturismo.com"},"image":{"@id":"https:\/\/www.fincaturismo.com\/en\/#\/schema\/logo\/image\/"},"sameAs":["https:\/\/www.facebook.com\/FincaTurismoMallorca","https:\/\/x.com\/FincaTurismo"]}]}},"_links":{"self":[{"href":"https:\/\/www.fincaturismo.com\/en\/wp-json\/wp\/v2\/pages\/10561","targetHints":{"allow":["GET"]}}],"collection":[{"href":"https:\/\/www.fincaturismo.com\/en\/wp-json\/wp\/v2\/pages"}],"about":[{"href":"https:\/\/www.fincaturismo.com\/en\/wp-json\/wp\/v2\/types\/page"}],"author":[{"embeddable":true,"href":"https:\/\/www.fincaturismo.com\/en\/wp-json\/wp\/v2\/users\/1"}],"replies":[{"embeddable":true,"href":"https:\/\/www.fincaturismo.com\/en\/wp-json\/wp\/v2\/comments?post=10561"}],"version-history":[{"count":5,"href":"https:\/\/www.fincaturismo.com\/en\/wp-json\/wp\/v2\/pages\/10561\/revisions"}],"predecessor-version":[{"id":10596,"href":"https:\/\/www.fincaturismo.com\/en\/wp-json\/wp\/v2\/pages\/10561\/revisions\/10596"}],"wp:attachment":[{"href":"https:\/\/www.fincaturismo.com\/en\/wp-json\/wp\/v2\/media?parent=10561"}],"curies":[{"name":"wp","href":"https:\/\/api.w.org\/{rel}","templated":true}]}}