{"id":10617,"date":"2020-05-27T15:47:29","date_gmt":"2020-05-27T15:47:29","guid":{"rendered":"https:\/\/www.fincaturismo.com\/agroturismos-en-mallorca-gastronomia-local\/"},"modified":"2020-05-31T07:36:27","modified_gmt":"2020-05-31T07:36:27","slug":"bauernhausern-in-mallorca-gastronomie","status":"publish","type":"page","link":"https:\/\/www.fincaturismo.com\/de\/bauernhausern-in-mallorca-gastronomie\/","title":{"rendered":"Gastronomie"},"content":{"rendered":"<div class=\"wpb-content-wrapper\"><p>[vc_row css=&#8220;.vc_custom_1590593896107{padding-top: 20px !important;padding-right: 70px !important;padding-bottom: 68px !important;padding-left: 70px !important;background-color: #e5e5e5 !important;}&#8220;][vc_column][vc_column_text]Was gibt es Besseres als ein <strong>Land<\/strong> zu besuchen, und das Beste aus seiner<strong> regionalen K\u00fcche<\/strong> zu genie\u00dfen? Es wird gesagt, dass ein Land und dessen Identit\u00e4t durch die Pers\u00f6nlichkeit deren Rezepte und dessen Produkte gekennzeichnet ist. <strong>Mallorca<\/strong> ist eine weitgehend l\u00e4ndliche Insel und diesen Charakter lernt man erst kennen, wenn man das beste seiner K\u00fcche erkundet. Mit der Auswahl von umweltbewussten Bauernh\u00e4usern in Mallorca von <strong>Finca Turismo<\/strong> wirst du die besten kulinarischen M\u00f6glichkeiten und Empfehlungen bekommen. Von der ensaimada, bis hin zur authentischen mallorquinische Sobrasada vom schwarzen Schwein, \u00fcber die Coca, ein Tramp\u00f3, ein tumbet oder pamboli brot mit Ramallet-Tomaten, bis hin zu den besten lokalen Produkten: S\u00f3ller Orangen, Mandeln, Oliven oder die besten \u00d6le und Weine aus der Region.<\/p>\n<p>Einfach sich von der <strong>mallorquinischen Mittelmeer-K\u00fcche<\/strong> verf\u00fchren lassen und &#8230; !Bon profit![\/vc_column_text][\/vc_column][\/vc_row]<\/p>\n<\/div>","protected":false},"excerpt":{"rendered":"<p>[vc_row css=&#8220;.vc_custom_1590593896107{padding-top: 20px !important;padding-right: 70px !important;padding-bottom: 68px !important;padding-left: 70px !important;background-color: #e5e5e5 !important;}&#8220;][vc_column][vc_column_text]Was gibt es Besseres [&hellip;]<\/p>\n","protected":false},"author":1,"featured_media":0,"parent":0,"menu_order":0,"comment_status":"closed","ping_status":"closed","template":"full-width.php","meta":{"footnotes":""},"class_list":["post-10617","page","type-page","status-publish","hentry"],"yoast_head":"<!-- This site is optimized with the Yoast SEO plugin v27.2 - https:\/\/yoast.com\/product\/yoast-seo-wordpress\/ -->\n<title>Gastronomie - Finca Turismo<\/title>\n<meta name=\"robots\" content=\"index, follow, max-snippet:-1, max-image-preview:large, max-video-preview:-1\" \/>\n<link rel=\"canonical\" href=\"https:\/\/www.fincaturismo.com\/de\/bauernhausern-in-mallorca-gastronomie\/\" \/>\n<meta property=\"og:locale\" content=\"de_DE\" \/>\n<meta property=\"og:type\" content=\"article\" \/>\n<meta property=\"og:title\" content=\"Gastronomie - Finca Turismo\" \/>\n<meta property=\"og:description\" content=\"[vc_row css=&#8220;.vc_custom_1590593896107{padding-top: 20px !important;padding-right: 70px !important;padding-bottom: 68px !important;padding-left: 70px !important;background-color: #e5e5e5 !important;}&#8220;][vc_column][vc_column_text]Was gibt es Besseres [&hellip;]\" \/>\n<meta property=\"og:url\" content=\"https:\/\/www.fincaturismo.com\/de\/bauernhausern-in-mallorca-gastronomie\/\" \/>\n<meta property=\"og:site_name\" content=\"Finca Turismo\" \/>\n<meta property=\"article:publisher\" content=\"https:\/\/www.facebook.com\/FincaTurismoMallorca\" \/>\n<meta property=\"article:modified_time\" content=\"2020-05-31T07:36:27+00:00\" \/>\n<meta name=\"twitter:card\" content=\"summary_large_image\" \/>\n<meta name=\"twitter:site\" content=\"@FincaTurismo\" \/>\n<meta name=\"twitter:label1\" content=\"Gesch\u00e4tzte Lesezeit\" \/>\n\t<meta name=\"twitter:data1\" content=\"1\u00a0Minute\" \/>\n<script type=\"application\/ld+json\" class=\"yoast-schema-graph\">{\"@context\":\"https:\/\/schema.org\",\"@graph\":[{\"@type\":\"WebPage\",\"@id\":\"https:\/\/www.fincaturismo.com\/de\/bauernhausern-in-mallorca-gastronomie\/\",\"url\":\"https:\/\/www.fincaturismo.com\/de\/bauernhausern-in-mallorca-gastronomie\/\",\"name\":\"Gastronomie - Finca Turismo\",\"isPartOf\":{\"@id\":\"https:\/\/www.fincaturismo.com\/de\/#website\"},\"datePublished\":\"2020-05-27T15:47:29+00:00\",\"dateModified\":\"2020-05-31T07:36:27+00:00\",\"breadcrumb\":{\"@id\":\"https:\/\/www.fincaturismo.com\/de\/bauernhausern-in-mallorca-gastronomie\/#breadcrumb\"},\"inLanguage\":\"de\",\"potentialAction\":[{\"@type\":\"ReadAction\",\"target\":[\"https:\/\/www.fincaturismo.com\/de\/bauernhausern-in-mallorca-gastronomie\/\"]}]},{\"@type\":\"BreadcrumbList\",\"@id\":\"https:\/\/www.fincaturismo.com\/de\/bauernhausern-in-mallorca-gastronomie\/#breadcrumb\",\"itemListElement\":[{\"@type\":\"ListItem\",\"position\":1,\"name\":\"Portada\",\"item\":\"https:\/\/www.fincaturismo.com\/de\/\"},{\"@type\":\"ListItem\",\"position\":2,\"name\":\"Gastronomie\"}]},{\"@type\":\"WebSite\",\"@id\":\"https:\/\/www.fincaturismo.com\/de\/#website\",\"url\":\"https:\/\/www.fincaturismo.com\/de\/\",\"name\":\"Finca Turismo\",\"description\":\"fincaturismo.com\",\"publisher\":{\"@id\":\"https:\/\/www.fincaturismo.com\/de\/#organization\"},\"potentialAction\":[{\"@type\":\"SearchAction\",\"target\":{\"@type\":\"EntryPoint\",\"urlTemplate\":\"https:\/\/www.fincaturismo.com\/de\/?s={search_term_string}\"},\"query-input\":{\"@type\":\"PropertyValueSpecification\",\"valueRequired\":true,\"valueName\":\"search_term_string\"}}],\"inLanguage\":\"de\"},{\"@type\":\"Organization\",\"@id\":\"https:\/\/www.fincaturismo.com\/de\/#organization\",\"name\":\"Finca Turismo - fincaturismo.com\",\"url\":\"https:\/\/www.fincaturismo.com\/de\/\",\"logo\":{\"@type\":\"ImageObject\",\"inLanguage\":\"de\",\"@id\":\"https:\/\/www.fincaturismo.com\/de\/#\/schema\/logo\/image\/\",\"url\":\"https:\/\/www.fincaturismo.com\/wp-content\/uploads\/2013\/02\/logoytexto.jpg\",\"contentUrl\":\"https:\/\/www.fincaturismo.com\/wp-content\/uploads\/2013\/02\/logoytexto.jpg\",\"width\":230,\"height\":27,\"caption\":\"Finca Turismo - fincaturismo.com\"},\"image\":{\"@id\":\"https:\/\/www.fincaturismo.com\/de\/#\/schema\/logo\/image\/\"},\"sameAs\":[\"https:\/\/www.facebook.com\/FincaTurismoMallorca\",\"https:\/\/x.com\/FincaTurismo\"]}]}<\/script>\n<!-- \/ Yoast SEO plugin. -->","yoast_head_json":{"title":"Gastronomie - Finca Turismo","robots":{"index":"index","follow":"follow","max-snippet":"max-snippet:-1","max-image-preview":"max-image-preview:large","max-video-preview":"max-video-preview:-1"},"canonical":"https:\/\/www.fincaturismo.com\/de\/bauernhausern-in-mallorca-gastronomie\/","og_locale":"de_DE","og_type":"article","og_title":"Gastronomie - Finca Turismo","og_description":"[vc_row css=&#8220;.vc_custom_1590593896107{padding-top: 20px !important;padding-right: 70px !important;padding-bottom: 68px !important;padding-left: 70px !important;background-color: #e5e5e5 !important;}&#8220;][vc_column][vc_column_text]Was gibt es Besseres [&hellip;]","og_url":"https:\/\/www.fincaturismo.com\/de\/bauernhausern-in-mallorca-gastronomie\/","og_site_name":"Finca Turismo","article_publisher":"https:\/\/www.facebook.com\/FincaTurismoMallorca","article_modified_time":"2020-05-31T07:36:27+00:00","twitter_card":"summary_large_image","twitter_site":"@FincaTurismo","twitter_misc":{"Gesch\u00e4tzte Lesezeit":"1\u00a0Minute"},"schema":{"@context":"https:\/\/schema.org","@graph":[{"@type":"WebPage","@id":"https:\/\/www.fincaturismo.com\/de\/bauernhausern-in-mallorca-gastronomie\/","url":"https:\/\/www.fincaturismo.com\/de\/bauernhausern-in-mallorca-gastronomie\/","name":"Gastronomie - Finca Turismo","isPartOf":{"@id":"https:\/\/www.fincaturismo.com\/de\/#website"},"datePublished":"2020-05-27T15:47:29+00:00","dateModified":"2020-05-31T07:36:27+00:00","breadcrumb":{"@id":"https:\/\/www.fincaturismo.com\/de\/bauernhausern-in-mallorca-gastronomie\/#breadcrumb"},"inLanguage":"de","potentialAction":[{"@type":"ReadAction","target":["https:\/\/www.fincaturismo.com\/de\/bauernhausern-in-mallorca-gastronomie\/"]}]},{"@type":"BreadcrumbList","@id":"https:\/\/www.fincaturismo.com\/de\/bauernhausern-in-mallorca-gastronomie\/#breadcrumb","itemListElement":[{"@type":"ListItem","position":1,"name":"Portada","item":"https:\/\/www.fincaturismo.com\/de\/"},{"@type":"ListItem","position":2,"name":"Gastronomie"}]},{"@type":"WebSite","@id":"https:\/\/www.fincaturismo.com\/de\/#website","url":"https:\/\/www.fincaturismo.com\/de\/","name":"Finca Turismo","description":"fincaturismo.com","publisher":{"@id":"https:\/\/www.fincaturismo.com\/de\/#organization"},"potentialAction":[{"@type":"SearchAction","target":{"@type":"EntryPoint","urlTemplate":"https:\/\/www.fincaturismo.com\/de\/?s={search_term_string}"},"query-input":{"@type":"PropertyValueSpecification","valueRequired":true,"valueName":"search_term_string"}}],"inLanguage":"de"},{"@type":"Organization","@id":"https:\/\/www.fincaturismo.com\/de\/#organization","name":"Finca Turismo - fincaturismo.com","url":"https:\/\/www.fincaturismo.com\/de\/","logo":{"@type":"ImageObject","inLanguage":"de","@id":"https:\/\/www.fincaturismo.com\/de\/#\/schema\/logo\/image\/","url":"https:\/\/www.fincaturismo.com\/wp-content\/uploads\/2013\/02\/logoytexto.jpg","contentUrl":"https:\/\/www.fincaturismo.com\/wp-content\/uploads\/2013\/02\/logoytexto.jpg","width":230,"height":27,"caption":"Finca Turismo - fincaturismo.com"},"image":{"@id":"https:\/\/www.fincaturismo.com\/de\/#\/schema\/logo\/image\/"},"sameAs":["https:\/\/www.facebook.com\/FincaTurismoMallorca","https:\/\/x.com\/FincaTurismo"]}]}},"_links":{"self":[{"href":"https:\/\/www.fincaturismo.com\/de\/wp-json\/wp\/v2\/pages\/10617","targetHints":{"allow":["GET"]}}],"collection":[{"href":"https:\/\/www.fincaturismo.com\/de\/wp-json\/wp\/v2\/pages"}],"about":[{"href":"https:\/\/www.fincaturismo.com\/de\/wp-json\/wp\/v2\/types\/page"}],"author":[{"embeddable":true,"href":"https:\/\/www.fincaturismo.com\/de\/wp-json\/wp\/v2\/users\/1"}],"replies":[{"embeddable":true,"href":"https:\/\/www.fincaturismo.com\/de\/wp-json\/wp\/v2\/comments?post=10617"}],"version-history":[{"count":4,"href":"https:\/\/www.fincaturismo.com\/de\/wp-json\/wp\/v2\/pages\/10617\/revisions"}],"predecessor-version":[{"id":10739,"href":"https:\/\/www.fincaturismo.com\/de\/wp-json\/wp\/v2\/pages\/10617\/revisions\/10739"}],"wp:attachment":[{"href":"https:\/\/www.fincaturismo.com\/de\/wp-json\/wp\/v2\/media?parent=10617"}],"curies":[{"name":"wp","href":"https:\/\/api.w.org\/{rel}","templated":true}]}}