{"id":10603,"date":"2020-05-27T15:53:28","date_gmt":"2020-05-27T15:53:28","guid":{"rendered":"https:\/\/www.fincaturismo.com\/agroturismos-en-mallorca-cultura-y-tradiciones-mallorca\/"},"modified":"2020-05-30T14:38:06","modified_gmt":"2020-05-30T14:38:06","slug":"bauernhausern-in-mallorca-kultur-und-tradition","status":"publish","type":"page","link":"https:\/\/www.fincaturismo.com\/de\/bauernhausern-in-mallorca-kultur-und-tradition\/","title":{"rendered":"Kultur und Tradition"},"content":{"rendered":"<div class=\"wpb-content-wrapper\"><p>[vc_row css=&#8220;.vc_custom_1590593896107{padding-top: 20px !important;padding-right: 70px !important;padding-bottom: 68px !important;padding-left: 70px !important;background-color: #e5e5e5 !important;}&#8220;][vc_column][vc_column_text]<\/p>\n<p style=\"text-align: justify;\"><b>Mallorca<\/b> und die Balearen waren in der Vergangenheit ein strategischer Standort im Mittelmeer, durch die <b>unz\u00e4hlige Zivilisationen<\/b> im Laufe der Geschichte vorbei gegangen sind. Das Angebot an umweltbewussten Bauernh\u00e4usern in Mallorca von Finca Turismo bietet Kultur und Traditionen<b>. <\/b>Du wirst \u00fcberrascht sein, wenn du die Altsteinzeit Standorte die mehr als 3.000 Jahre alt sind, besuchst oder siehst, wie die Ph\u00f6nizier und R\u00f6mer ihre Spuren hinterlassen haben, als Sie die Inseln besiedelten und Diese als Ihren besitztum empfanden. In diesem Sinne reicht es zu sehen, wie einige tausendj\u00e4hrige <b>Olivenb\u00e4ume der Sierra de <\/b><b>Tramuntana<\/b>, die in der Zeit der <b>Ph\u00f6niziern<\/b> auf die Insel gebracht wurden, heute sich noch so majest\u00e4tisch halten.<\/p>\n<p style=\"text-align: justify;\">Jahrhunderte sp\u00e4ter w\u00fcrde sich die Pers\u00f6nlichkeit der <b>Mallorquiner konzipiert<\/b> auf der Grundlage der kontinuierlichen Versuche der Eroberung von <b>Maurischen Piraten<\/b>, die das Land als einen wichtigen geostrategischen Standort betrachteten. Den mallorquinischen Charakter kann man sich nicht ohne die Windm\u00fchlen und Felder Landschaften vorstellen, gekr\u00f6nt von der majest\u00e4tischen <b>Sierra de <\/b><b>Tramuntana<\/b> Gebirge und einheimische Rassen wie der <b>Porc<\/b><b> <\/b><b>Negre<\/b> oder die <b>Ovella<\/b><b> <\/b><b>Roja<\/b>. Rassen, die seinerzeit eine starke Rolle in die Selbstversorgung und Ern\u00e4hrungssouver\u00e4nit\u00e4t dieser Inseln hatten.<\/p>\n<p>[\/vc_column_text][\/vc_column][\/vc_row]<\/p>\n<\/div>","protected":false},"excerpt":{"rendered":"<p>[vc_row css=&#8220;.vc_custom_1590593896107{padding-top: 20px !important;padding-right: 70px !important;padding-bottom: 68px !important;padding-left: 70px !important;background-color: #e5e5e5 !important;}&#8220;][vc_column][vc_column_text] Mallorca und die [&hellip;]<\/p>\n","protected":false},"author":1,"featured_media":0,"parent":0,"menu_order":0,"comment_status":"closed","ping_status":"closed","template":"full-width.php","meta":{"footnotes":""},"class_list":["post-10603","page","type-page","status-publish","hentry"],"yoast_head":"<!-- This site is optimized with the Yoast SEO plugin v27.2 - https:\/\/yoast.com\/product\/yoast-seo-wordpress\/ -->\n<title>Kultur und Tradition - Finca Turismo<\/title>\n<meta name=\"robots\" content=\"index, follow, max-snippet:-1, max-image-preview:large, max-video-preview:-1\" \/>\n<link rel=\"canonical\" href=\"https:\/\/www.fincaturismo.com\/de\/bauernhausern-in-mallorca-kultur-und-tradition\/\" \/>\n<meta property=\"og:locale\" content=\"de_DE\" \/>\n<meta property=\"og:type\" content=\"article\" \/>\n<meta property=\"og:title\" content=\"Kultur und Tradition - Finca Turismo\" \/>\n<meta property=\"og:description\" content=\"[vc_row css=&#8220;.vc_custom_1590593896107{padding-top: 20px !important;padding-right: 70px !important;padding-bottom: 68px !important;padding-left: 70px !important;background-color: #e5e5e5 !important;}&#8220;][vc_column][vc_column_text] Mallorca und die [&hellip;]\" \/>\n<meta property=\"og:url\" content=\"https:\/\/www.fincaturismo.com\/de\/bauernhausern-in-mallorca-kultur-und-tradition\/\" \/>\n<meta property=\"og:site_name\" content=\"Finca Turismo\" \/>\n<meta property=\"article:publisher\" content=\"https:\/\/www.facebook.com\/FincaTurismoMallorca\" \/>\n<meta property=\"article:modified_time\" content=\"2020-05-30T14:38:06+00:00\" \/>\n<meta name=\"twitter:card\" content=\"summary_large_image\" \/>\n<meta name=\"twitter:site\" content=\"@FincaTurismo\" \/>\n<meta name=\"twitter:label1\" content=\"Gesch\u00e4tzte Lesezeit\" \/>\n\t<meta name=\"twitter:data1\" content=\"1\u00a0Minute\" \/>\n<script type=\"application\/ld+json\" class=\"yoast-schema-graph\">{\"@context\":\"https:\/\/schema.org\",\"@graph\":[{\"@type\":\"WebPage\",\"@id\":\"https:\/\/www.fincaturismo.com\/de\/bauernhausern-in-mallorca-kultur-und-tradition\/\",\"url\":\"https:\/\/www.fincaturismo.com\/de\/bauernhausern-in-mallorca-kultur-und-tradition\/\",\"name\":\"Kultur und Tradition - Finca Turismo\",\"isPartOf\":{\"@id\":\"https:\/\/www.fincaturismo.com\/de\/#website\"},\"datePublished\":\"2020-05-27T15:53:28+00:00\",\"dateModified\":\"2020-05-30T14:38:06+00:00\",\"breadcrumb\":{\"@id\":\"https:\/\/www.fincaturismo.com\/de\/bauernhausern-in-mallorca-kultur-und-tradition\/#breadcrumb\"},\"inLanguage\":\"de\",\"potentialAction\":[{\"@type\":\"ReadAction\",\"target\":[\"https:\/\/www.fincaturismo.com\/de\/bauernhausern-in-mallorca-kultur-und-tradition\/\"]}]},{\"@type\":\"BreadcrumbList\",\"@id\":\"https:\/\/www.fincaturismo.com\/de\/bauernhausern-in-mallorca-kultur-und-tradition\/#breadcrumb\",\"itemListElement\":[{\"@type\":\"ListItem\",\"position\":1,\"name\":\"Portada\",\"item\":\"https:\/\/www.fincaturismo.com\/de\/\"},{\"@type\":\"ListItem\",\"position\":2,\"name\":\"Kultur und Tradition\"}]},{\"@type\":\"WebSite\",\"@id\":\"https:\/\/www.fincaturismo.com\/de\/#website\",\"url\":\"https:\/\/www.fincaturismo.com\/de\/\",\"name\":\"Finca Turismo\",\"description\":\"fincaturismo.com\",\"publisher\":{\"@id\":\"https:\/\/www.fincaturismo.com\/de\/#organization\"},\"potentialAction\":[{\"@type\":\"SearchAction\",\"target\":{\"@type\":\"EntryPoint\",\"urlTemplate\":\"https:\/\/www.fincaturismo.com\/de\/?s={search_term_string}\"},\"query-input\":{\"@type\":\"PropertyValueSpecification\",\"valueRequired\":true,\"valueName\":\"search_term_string\"}}],\"inLanguage\":\"de\"},{\"@type\":\"Organization\",\"@id\":\"https:\/\/www.fincaturismo.com\/de\/#organization\",\"name\":\"Finca Turismo - fincaturismo.com\",\"url\":\"https:\/\/www.fincaturismo.com\/de\/\",\"logo\":{\"@type\":\"ImageObject\",\"inLanguage\":\"de\",\"@id\":\"https:\/\/www.fincaturismo.com\/de\/#\/schema\/logo\/image\/\",\"url\":\"https:\/\/www.fincaturismo.com\/wp-content\/uploads\/2013\/02\/logoytexto.jpg\",\"contentUrl\":\"https:\/\/www.fincaturismo.com\/wp-content\/uploads\/2013\/02\/logoytexto.jpg\",\"width\":230,\"height\":27,\"caption\":\"Finca Turismo - fincaturismo.com\"},\"image\":{\"@id\":\"https:\/\/www.fincaturismo.com\/de\/#\/schema\/logo\/image\/\"},\"sameAs\":[\"https:\/\/www.facebook.com\/FincaTurismoMallorca\",\"https:\/\/x.com\/FincaTurismo\"]}]}<\/script>\n<!-- \/ Yoast SEO plugin. -->","yoast_head_json":{"title":"Kultur und Tradition - Finca Turismo","robots":{"index":"index","follow":"follow","max-snippet":"max-snippet:-1","max-image-preview":"max-image-preview:large","max-video-preview":"max-video-preview:-1"},"canonical":"https:\/\/www.fincaturismo.com\/de\/bauernhausern-in-mallorca-kultur-und-tradition\/","og_locale":"de_DE","og_type":"article","og_title":"Kultur und Tradition - Finca Turismo","og_description":"[vc_row css=&#8220;.vc_custom_1590593896107{padding-top: 20px !important;padding-right: 70px !important;padding-bottom: 68px !important;padding-left: 70px !important;background-color: #e5e5e5 !important;}&#8220;][vc_column][vc_column_text] Mallorca und die [&hellip;]","og_url":"https:\/\/www.fincaturismo.com\/de\/bauernhausern-in-mallorca-kultur-und-tradition\/","og_site_name":"Finca Turismo","article_publisher":"https:\/\/www.facebook.com\/FincaTurismoMallorca","article_modified_time":"2020-05-30T14:38:06+00:00","twitter_card":"summary_large_image","twitter_site":"@FincaTurismo","twitter_misc":{"Gesch\u00e4tzte Lesezeit":"1\u00a0Minute"},"schema":{"@context":"https:\/\/schema.org","@graph":[{"@type":"WebPage","@id":"https:\/\/www.fincaturismo.com\/de\/bauernhausern-in-mallorca-kultur-und-tradition\/","url":"https:\/\/www.fincaturismo.com\/de\/bauernhausern-in-mallorca-kultur-und-tradition\/","name":"Kultur und Tradition - Finca Turismo","isPartOf":{"@id":"https:\/\/www.fincaturismo.com\/de\/#website"},"datePublished":"2020-05-27T15:53:28+00:00","dateModified":"2020-05-30T14:38:06+00:00","breadcrumb":{"@id":"https:\/\/www.fincaturismo.com\/de\/bauernhausern-in-mallorca-kultur-und-tradition\/#breadcrumb"},"inLanguage":"de","potentialAction":[{"@type":"ReadAction","target":["https:\/\/www.fincaturismo.com\/de\/bauernhausern-in-mallorca-kultur-und-tradition\/"]}]},{"@type":"BreadcrumbList","@id":"https:\/\/www.fincaturismo.com\/de\/bauernhausern-in-mallorca-kultur-und-tradition\/#breadcrumb","itemListElement":[{"@type":"ListItem","position":1,"name":"Portada","item":"https:\/\/www.fincaturismo.com\/de\/"},{"@type":"ListItem","position":2,"name":"Kultur und Tradition"}]},{"@type":"WebSite","@id":"https:\/\/www.fincaturismo.com\/de\/#website","url":"https:\/\/www.fincaturismo.com\/de\/","name":"Finca Turismo","description":"fincaturismo.com","publisher":{"@id":"https:\/\/www.fincaturismo.com\/de\/#organization"},"potentialAction":[{"@type":"SearchAction","target":{"@type":"EntryPoint","urlTemplate":"https:\/\/www.fincaturismo.com\/de\/?s={search_term_string}"},"query-input":{"@type":"PropertyValueSpecification","valueRequired":true,"valueName":"search_term_string"}}],"inLanguage":"de"},{"@type":"Organization","@id":"https:\/\/www.fincaturismo.com\/de\/#organization","name":"Finca Turismo - fincaturismo.com","url":"https:\/\/www.fincaturismo.com\/de\/","logo":{"@type":"ImageObject","inLanguage":"de","@id":"https:\/\/www.fincaturismo.com\/de\/#\/schema\/logo\/image\/","url":"https:\/\/www.fincaturismo.com\/wp-content\/uploads\/2013\/02\/logoytexto.jpg","contentUrl":"https:\/\/www.fincaturismo.com\/wp-content\/uploads\/2013\/02\/logoytexto.jpg","width":230,"height":27,"caption":"Finca Turismo - fincaturismo.com"},"image":{"@id":"https:\/\/www.fincaturismo.com\/de\/#\/schema\/logo\/image\/"},"sameAs":["https:\/\/www.facebook.com\/FincaTurismoMallorca","https:\/\/x.com\/FincaTurismo"]}]}},"_links":{"self":[{"href":"https:\/\/www.fincaturismo.com\/de\/wp-json\/wp\/v2\/pages\/10603","targetHints":{"allow":["GET"]}}],"collection":[{"href":"https:\/\/www.fincaturismo.com\/de\/wp-json\/wp\/v2\/pages"}],"about":[{"href":"https:\/\/www.fincaturismo.com\/de\/wp-json\/wp\/v2\/types\/page"}],"author":[{"embeddable":true,"href":"https:\/\/www.fincaturismo.com\/de\/wp-json\/wp\/v2\/users\/1"}],"replies":[{"embeddable":true,"href":"https:\/\/www.fincaturismo.com\/de\/wp-json\/wp\/v2\/comments?post=10603"}],"version-history":[{"count":3,"href":"https:\/\/www.fincaturismo.com\/de\/wp-json\/wp\/v2\/pages\/10603\/revisions"}],"predecessor-version":[{"id":10614,"href":"https:\/\/www.fincaturismo.com\/de\/wp-json\/wp\/v2\/pages\/10603\/revisions\/10614"}],"wp:attachment":[{"href":"https:\/\/www.fincaturismo.com\/de\/wp-json\/wp\/v2\/media?parent=10603"}],"curies":[{"name":"wp","href":"https:\/\/api.w.org\/{rel}","templated":true}]}}