{"id":10565,"date":"2020-05-27T13:19:52","date_gmt":"2020-05-27T13:19:52","guid":{"rendered":"https:\/\/www.fincaturismo.com\/finca-turismo\/"},"modified":"2020-05-29T22:51:44","modified_gmt":"2020-05-29T22:51:44","slug":"finca-turismo","status":"publish","type":"page","link":"https:\/\/www.fincaturismo.com\/de\/finca-turismo\/","title":{"rendered":"Finca Turismo &#8211; Fincas und Ferienh\u00e4user auf Mallorca"},"content":{"rendered":"<div class=\"wpb-content-wrapper\"><p>[vc_row css=&#8220;.vc_custom_1590593896107{padding-top: 20px !important;padding-right: 70px !important;padding-bottom: 68px !important;padding-left: 70px !important;background-color: #e5e5e5 !important;}&#8220;][vc_column][vc_column_text]<\/p>\n<p style=\"text-align: justify;\"><b>Finca <\/b><b>Turismo<\/b> ist eine sorgf\u00e4ltige Auswahl von umweltbewussten Bauernh\u00e4usern in <b>Mallorca<\/b>, die im direktem Kontakt mit dem authentischsten Teil der Insel, alle Eigenschaften f\u00fcr <b>einen perfekten Urlaub besitzen<\/b>. Bauernh\u00f6fe mit allen m\u00f6glichen Annehmlichkeiten, f\u00fcr die Erkundung der l\u00e4ndlichen Seite von <b>Mallorca<\/b>, in Kombination mit den besten touristischen Ressourcen, der mallorquinische K\u00fcche, die sch\u00f6nsten Str\u00e4nde des Mittelmeers und <b>die l\u00e4ndliche Ruhe genie\u00dfen<\/b>.<\/p>\n<p><b>Natur und Landschaft<\/b>, Jahrhundert alte Traditionen, rustikale, famili\u00e4re Atmosph\u00e4re, die besten Orte um Mallorca gr\u00fcndlich kennenzulernen &#8230; <b>Finca <\/b><b>Turismo<\/b> hat alles, um den Besucher zu verf\u00fchren und bieten das beste der Insel aus einer anderen l\u00e4ndlichen Perspektive an. Wenn du <b>das authentische Mallorca<\/b> kennenlernen m\u00f6chtest, abseits vom Massentourismus, sind die umweltbewussten Landg\u00fcter wie <b>Finca <\/b><b>Turismo<\/b> deine Wahl.<\/p>\n<p style=\"text-align: justify;\">Can Guill\u00f3, Sa Vall de Son Maci\u00e0, Son Guardiola, Son Llad\u00f3, Es Torrent oder Perola. <b><a href=\"http:\/\/www.fincaturismo.com\/de\/landhotels-auf-mallorca\/\">Jeder dieser Landg\u00fcter<\/a> ist der perfekte Ort<\/b>, um deinen Urlaub entspannt zu genie\u00dfen. Informier dich \u00fcber die reichhaltige und erlesene Auswahl verschiedener Angebote, f\u00f6rdere mehr Information f\u00fcr deine Buchung, indem du direkt, und ohne Zwischenh\u00e4ndler, die umweltbewussten Landg\u00fcter kontaktierst und schlie\u00dflich, f\u00fchle und erlebe hautnah die Mittelmeer-Kultur in einer Insel, die viel mehr hat als ein hervorragendes Klima und paradiesische Str\u00e4nde.<\/p>\n<p>[\/vc_column_text][\/vc_column][\/vc_row]<\/p>\n<\/div>","protected":false},"excerpt":{"rendered":"<p>[vc_row css=&#8220;.vc_custom_1590593896107{padding-top: 20px !important;padding-right: 70px !important;padding-bottom: 68px !important;padding-left: 70px !important;background-color: #e5e5e5 !important;}&#8220;][vc_column][vc_column_text] Finca Turismo ist [&hellip;]<\/p>\n","protected":false},"author":1,"featured_media":0,"parent":0,"menu_order":0,"comment_status":"closed","ping_status":"closed","template":"full-width.php","meta":{"footnotes":""},"class_list":["post-10565","page","type-page","status-publish","hentry"],"yoast_head":"<!-- This site is optimized with the Yoast SEO plugin v27.2 - https:\/\/yoast.com\/product\/yoast-seo-wordpress\/ -->\n<title>Finca Turismo - Fincas und Ferienh\u00e4user auf Mallorca - Finca Turismo<\/title>\n<meta name=\"robots\" content=\"index, follow, max-snippet:-1, max-image-preview:large, max-video-preview:-1\" \/>\n<link rel=\"canonical\" href=\"https:\/\/www.fincaturismo.com\/de\/finca-turismo\/\" \/>\n<meta property=\"og:locale\" content=\"de_DE\" \/>\n<meta property=\"og:type\" content=\"article\" \/>\n<meta property=\"og:title\" content=\"Finca Turismo - Fincas und Ferienh\u00e4user auf Mallorca - Finca Turismo\" \/>\n<meta property=\"og:description\" content=\"[vc_row css=&#8220;.vc_custom_1590593896107{padding-top: 20px !important;padding-right: 70px !important;padding-bottom: 68px !important;padding-left: 70px !important;background-color: #e5e5e5 !important;}&#8220;][vc_column][vc_column_text] Finca Turismo ist [&hellip;]\" \/>\n<meta property=\"og:url\" content=\"https:\/\/www.fincaturismo.com\/de\/finca-turismo\/\" \/>\n<meta property=\"og:site_name\" content=\"Finca Turismo\" \/>\n<meta property=\"article:publisher\" content=\"https:\/\/www.facebook.com\/FincaTurismoMallorca\" \/>\n<meta property=\"article:modified_time\" content=\"2020-05-29T22:51:44+00:00\" \/>\n<meta name=\"twitter:card\" content=\"summary_large_image\" \/>\n<meta name=\"twitter:site\" content=\"@FincaTurismo\" \/>\n<meta name=\"twitter:label1\" content=\"Gesch\u00e4tzte Lesezeit\" \/>\n\t<meta name=\"twitter:data1\" content=\"1\u00a0Minute\" \/>\n<script type=\"application\/ld+json\" class=\"yoast-schema-graph\">{\"@context\":\"https:\/\/schema.org\",\"@graph\":[{\"@type\":\"WebPage\",\"@id\":\"https:\/\/www.fincaturismo.com\/de\/finca-turismo\/\",\"url\":\"https:\/\/www.fincaturismo.com\/de\/finca-turismo\/\",\"name\":\"Finca Turismo - Fincas und Ferienh\u00e4user auf Mallorca - Finca Turismo\",\"isPartOf\":{\"@id\":\"https:\/\/www.fincaturismo.com\/de\/#website\"},\"datePublished\":\"2020-05-27T13:19:52+00:00\",\"dateModified\":\"2020-05-29T22:51:44+00:00\",\"breadcrumb\":{\"@id\":\"https:\/\/www.fincaturismo.com\/de\/finca-turismo\/#breadcrumb\"},\"inLanguage\":\"de\",\"potentialAction\":[{\"@type\":\"ReadAction\",\"target\":[\"https:\/\/www.fincaturismo.com\/de\/finca-turismo\/\"]}]},{\"@type\":\"BreadcrumbList\",\"@id\":\"https:\/\/www.fincaturismo.com\/de\/finca-turismo\/#breadcrumb\",\"itemListElement\":[{\"@type\":\"ListItem\",\"position\":1,\"name\":\"Portada\",\"item\":\"https:\/\/www.fincaturismo.com\/de\/\"},{\"@type\":\"ListItem\",\"position\":2,\"name\":\"Finca Turismo &#8211; Fincas und Ferienh\u00e4user auf Mallorca\"}]},{\"@type\":\"WebSite\",\"@id\":\"https:\/\/www.fincaturismo.com\/de\/#website\",\"url\":\"https:\/\/www.fincaturismo.com\/de\/\",\"name\":\"Finca Turismo\",\"description\":\"fincaturismo.com\",\"publisher\":{\"@id\":\"https:\/\/www.fincaturismo.com\/de\/#organization\"},\"potentialAction\":[{\"@type\":\"SearchAction\",\"target\":{\"@type\":\"EntryPoint\",\"urlTemplate\":\"https:\/\/www.fincaturismo.com\/de\/?s={search_term_string}\"},\"query-input\":{\"@type\":\"PropertyValueSpecification\",\"valueRequired\":true,\"valueName\":\"search_term_string\"}}],\"inLanguage\":\"de\"},{\"@type\":\"Organization\",\"@id\":\"https:\/\/www.fincaturismo.com\/de\/#organization\",\"name\":\"Finca Turismo - fincaturismo.com\",\"url\":\"https:\/\/www.fincaturismo.com\/de\/\",\"logo\":{\"@type\":\"ImageObject\",\"inLanguage\":\"de\",\"@id\":\"https:\/\/www.fincaturismo.com\/de\/#\/schema\/logo\/image\/\",\"url\":\"https:\/\/www.fincaturismo.com\/wp-content\/uploads\/2013\/02\/logoytexto.jpg\",\"contentUrl\":\"https:\/\/www.fincaturismo.com\/wp-content\/uploads\/2013\/02\/logoytexto.jpg\",\"width\":230,\"height\":27,\"caption\":\"Finca Turismo - fincaturismo.com\"},\"image\":{\"@id\":\"https:\/\/www.fincaturismo.com\/de\/#\/schema\/logo\/image\/\"},\"sameAs\":[\"https:\/\/www.facebook.com\/FincaTurismoMallorca\",\"https:\/\/x.com\/FincaTurismo\"]}]}<\/script>\n<!-- \/ Yoast SEO plugin. -->","yoast_head_json":{"title":"Finca Turismo - Fincas und Ferienh\u00e4user auf Mallorca - Finca Turismo","robots":{"index":"index","follow":"follow","max-snippet":"max-snippet:-1","max-image-preview":"max-image-preview:large","max-video-preview":"max-video-preview:-1"},"canonical":"https:\/\/www.fincaturismo.com\/de\/finca-turismo\/","og_locale":"de_DE","og_type":"article","og_title":"Finca Turismo - Fincas und Ferienh\u00e4user auf Mallorca - Finca Turismo","og_description":"[vc_row css=&#8220;.vc_custom_1590593896107{padding-top: 20px !important;padding-right: 70px !important;padding-bottom: 68px !important;padding-left: 70px !important;background-color: #e5e5e5 !important;}&#8220;][vc_column][vc_column_text] Finca Turismo ist [&hellip;]","og_url":"https:\/\/www.fincaturismo.com\/de\/finca-turismo\/","og_site_name":"Finca Turismo","article_publisher":"https:\/\/www.facebook.com\/FincaTurismoMallorca","article_modified_time":"2020-05-29T22:51:44+00:00","twitter_card":"summary_large_image","twitter_site":"@FincaTurismo","twitter_misc":{"Gesch\u00e4tzte Lesezeit":"1\u00a0Minute"},"schema":{"@context":"https:\/\/schema.org","@graph":[{"@type":"WebPage","@id":"https:\/\/www.fincaturismo.com\/de\/finca-turismo\/","url":"https:\/\/www.fincaturismo.com\/de\/finca-turismo\/","name":"Finca Turismo - Fincas und Ferienh\u00e4user auf Mallorca - Finca Turismo","isPartOf":{"@id":"https:\/\/www.fincaturismo.com\/de\/#website"},"datePublished":"2020-05-27T13:19:52+00:00","dateModified":"2020-05-29T22:51:44+00:00","breadcrumb":{"@id":"https:\/\/www.fincaturismo.com\/de\/finca-turismo\/#breadcrumb"},"inLanguage":"de","potentialAction":[{"@type":"ReadAction","target":["https:\/\/www.fincaturismo.com\/de\/finca-turismo\/"]}]},{"@type":"BreadcrumbList","@id":"https:\/\/www.fincaturismo.com\/de\/finca-turismo\/#breadcrumb","itemListElement":[{"@type":"ListItem","position":1,"name":"Portada","item":"https:\/\/www.fincaturismo.com\/de\/"},{"@type":"ListItem","position":2,"name":"Finca Turismo &#8211; Fincas und Ferienh\u00e4user auf Mallorca"}]},{"@type":"WebSite","@id":"https:\/\/www.fincaturismo.com\/de\/#website","url":"https:\/\/www.fincaturismo.com\/de\/","name":"Finca Turismo","description":"fincaturismo.com","publisher":{"@id":"https:\/\/www.fincaturismo.com\/de\/#organization"},"potentialAction":[{"@type":"SearchAction","target":{"@type":"EntryPoint","urlTemplate":"https:\/\/www.fincaturismo.com\/de\/?s={search_term_string}"},"query-input":{"@type":"PropertyValueSpecification","valueRequired":true,"valueName":"search_term_string"}}],"inLanguage":"de"},{"@type":"Organization","@id":"https:\/\/www.fincaturismo.com\/de\/#organization","name":"Finca Turismo - fincaturismo.com","url":"https:\/\/www.fincaturismo.com\/de\/","logo":{"@type":"ImageObject","inLanguage":"de","@id":"https:\/\/www.fincaturismo.com\/de\/#\/schema\/logo\/image\/","url":"https:\/\/www.fincaturismo.com\/wp-content\/uploads\/2013\/02\/logoytexto.jpg","contentUrl":"https:\/\/www.fincaturismo.com\/wp-content\/uploads\/2013\/02\/logoytexto.jpg","width":230,"height":27,"caption":"Finca Turismo - fincaturismo.com"},"image":{"@id":"https:\/\/www.fincaturismo.com\/de\/#\/schema\/logo\/image\/"},"sameAs":["https:\/\/www.facebook.com\/FincaTurismoMallorca","https:\/\/x.com\/FincaTurismo"]}]}},"_links":{"self":[{"href":"https:\/\/www.fincaturismo.com\/de\/wp-json\/wp\/v2\/pages\/10565","targetHints":{"allow":["GET"]}}],"collection":[{"href":"https:\/\/www.fincaturismo.com\/de\/wp-json\/wp\/v2\/pages"}],"about":[{"href":"https:\/\/www.fincaturismo.com\/de\/wp-json\/wp\/v2\/types\/page"}],"author":[{"embeddable":true,"href":"https:\/\/www.fincaturismo.com\/de\/wp-json\/wp\/v2\/users\/1"}],"replies":[{"embeddable":true,"href":"https:\/\/www.fincaturismo.com\/de\/wp-json\/wp\/v2\/comments?post=10565"}],"version-history":[{"count":2,"href":"https:\/\/www.fincaturismo.com\/de\/wp-json\/wp\/v2\/pages\/10565\/revisions"}],"predecessor-version":[{"id":10568,"href":"https:\/\/www.fincaturismo.com\/de\/wp-json\/wp\/v2\/pages\/10565\/revisions\/10568"}],"wp:attachment":[{"href":"https:\/\/www.fincaturismo.com\/de\/wp-json\/wp\/v2\/media?parent=10565"}],"curies":[{"name":"wp","href":"https:\/\/api.w.org\/{rel}","templated":true}]}}